{"id":1186,"date":"2026-03-30T02:24:07","date_gmt":"2026-03-29T23:24:07","guid":{"rendered":"https:\/\/socialmediagency.com.tr\/?page_id=1186"},"modified":"2026-04-02T00:51:32","modified_gmt":"2026-04-01T21:51:32","slug":"kunye","status":"publish","type":"page","link":"https:\/\/www.aslando-kids.de\/tr\/kunye\/","title":{"rendered":"K\u00fcnye"},"content":{"rendered":"\n<h2 class=\"wp-block-heading\">K\u00fcnye<\/h2>\n\n\n\n<p><strong>\u00a7 5 TMG \/ DSGVO Uyar\u0131nca Bilgiler<\/strong><\/p>\n\n\n\n<p><br>World Aslando Federation \u2013 Deutscher Aslando Verband e.V.<br>Turmstra\u00dfe 3-5<br>50733 K\u00f6ln<br>Deutschland<\/p>\n\n\n\n<h2 class=\"wp-block-heading\"><strong>\u0130leti\u015fim<\/strong><\/h2>\n\n\n\n<p>Telefon: +49 (221) 922 401 90<br>E-posta: info@aslando.com<\/p>\n\n\n\n<h2 class=\"wp-block-heading\"><strong>Y\u00f6netim Kurulu taraf\u0131ndan temsil edilmektedir<\/strong><\/h2>\n\n\n\n<p>\u2022 Mikail Cetiner (1. Ba\u015fkan, tek ba\u015f\u0131na temsil yetkili)<br>\u2022 Melek Cetiner (2. Ba\u015fkan, tek ba\u015f\u0131na temsil yetkili)<\/p>\n\n\n\n<h2 class=\"wp-block-heading\"><strong>Dernek Sicil Kayd\u0131<\/strong><\/h2>\n\n\n\n<p>Dernek siciline kay\u0131tl\u0131d\u0131r:<br>Kay\u0131t Mahkemesi: K\u00f6ln Sulh Mahkemesi<br>Sicil Numaras\u0131: VR 18906<\/p>\n\n\n\n<h2 class=\"wp-block-heading\"><strong>KDV Numaras\u0131<\/strong><\/h2>\n\n\n\n<p>Vergi Dairesindeki KDV Numaras\u0131: 217\/5964\/2330<\/p>\n\n\n\n<h2 class=\"wp-block-heading\"><strong>Sorumluluk Reddi (Disclaimer)<\/strong><\/h2>\n\n\n\n<h3 class=\"wp-block-heading\"><strong>\u0130\u00e7eriklerden Sorumluluk<\/strong><\/h3>\n\n\n\n<p>Hizmet sa\u011flay\u0131c\u0131 olarak \u00a7 7 Abs.1 TMG uyar\u0131nca bu sayfalardaki kendi i\u00e7eriklerimizden genel yasal h\u00fck\u00fcmler \u00e7er\u00e7evesinde sorumluyuz. Ba\u011flant\u0131lar arac\u0131l\u0131\u011f\u0131yla eri\u015filen \u00fc\u00e7\u00fcnc\u00fc taraf i\u00e7eriklerinden, hukuka ayk\u0131r\u0131l\u0131k konusunda bilgimiz olmad\u0131\u011f\u0131 s\u00fcrece sorumluluk kabul edilmez. B\u00f6yle i\u00e7erikler \u00f6\u011frenildi\u011finde derhal kald\u0131r\u0131l\u0131r.<\/p>\n\n\n\n<h3 class=\"wp-block-heading\"><strong>Ba\u011flant\u0131lardan Sorumluluk<\/strong><\/h3>\n\n\n\n<p>Teklifimiz, i\u00e7erikleri \u00fczerinde hi\u00e7bir etkimiz olmayan \u00fc\u00e7\u00fcnc\u00fc taraf d\u0131\u015f web sitelerine ba\u011flant\u0131lar i\u00e7erir. Ba\u011flant\u0131l\u0131 sayfalar\u0131n i\u00e7eriklerinden her zaman ilgili sa\u011flay\u0131c\u0131 sorumludur. Hukuka ayk\u0131r\u0131 i\u00e7erikler \u00f6\u011frenildi\u011finde derhal kald\u0131r\u0131l\u0131r.<\/p>\n\n\n\n<h3 class=\"wp-block-heading\"><strong>Telif Hakk\u0131<\/strong><\/h3>\n\n\n\n<p>Bu sayfalarda site i\u015fletmecileri taraf\u0131ndan olu\u015fturulan i\u00e7erikler ve eserler Alman telif hakk\u0131 yasas\u0131na tabidir. \u00c7o\u011faltma, d\u00fczenleme, da\u011f\u0131t\u0131m veya telif hakk\u0131 s\u0131n\u0131rlar\u0131 d\u0131\u015f\u0131ndaki her t\u00fcrl\u00fc kullan\u0131m i\u00e7in yaz\u0131l\u0131 izin gereklidir. \u00dc\u00e7\u00fcnc\u00fc taraf i\u00e7erikleri bu \u015fekilde i\u015faretlenir.<\/p>\n\n\n\n<h3 class=\"wp-block-heading\"><strong>Bilgi Alma, Silme, Engelleme<\/strong><\/h3>\n\n\n\n<p>Ki\u015fisel verileriniz hakk\u0131nda, kayna\u011f\u0131, al\u0131c\u0131lar\u0131 ve i\u015flenme amac\u0131 dahil olmak \u00fczere her zaman \u00fccretsiz bilgi alma hakk\u0131na sahipsiniz. Ayr\u0131ca verilerinizin d\u00fczeltilmesini, engellenmesini veya silinmesini talep edebilirsiniz. Bunun i\u00e7in k\u00fcnyede belirtilen adrese ba\u015fvurabilirsiniz.<\/p>\n","protected":false},"excerpt":{"rendered":"<p>K\u00fcnye \u00a7 5 TMG \/ DSGVO Uyar\u0131nca Bilgiler World Aslando Federation \u2013 Deutscher Aslando Verband e.V.Turmstra\u00dfe 3-550733 K\u00f6lnDeutschland \u0130leti\u015fim Telefon: +49 (221) 922 401 90E-posta: info@aslando.com Y\u00f6netim Kurulu taraf\u0131ndan temsil edilmektedir \u2022 Mikail Cetiner (1. Ba\u015fkan, tek ba\u015f\u0131na temsil yetkili)\u2022 Melek Cetiner (2. Ba\u015fkan, tek ba\u015f\u0131na temsil yetkili) Dernek Sicil Kayd\u0131 Dernek siciline kay\u0131tl\u0131d\u0131r:Kay\u0131t Mahkemesi:&#8230;<\/p>\n","protected":false},"author":1,"featured_media":0,"parent":0,"menu_order":0,"comment_status":"closed","ping_status":"closed","template":"","meta":{"_kadence_starter_templates_imported_post":false,"_kad_post_transparent":"","_kad_post_title":"","_kad_post_layout":"normal","_kad_post_sidebar_id":"","_kad_post_content_style":"","_kad_post_vertical_padding":"","_kad_post_feature":"","_kad_post_feature_position":"","_kad_post_header":false,"_kad_post_footer":false,"_kad_post_classname":"","footnotes":""},"class_list":["post-1186","page","type-page","status-publish","hentry"],"yoast_head":"<!-- This site is optimized with the Yoast SEO plugin v27.3 - https:\/\/yoast.com\/product\/yoast-seo-wordpress\/ -->\n<title>K\u00fcnye - Aslando Kids<\/title>\n<meta name=\"robots\" content=\"index, follow, max-snippet:-1, max-image-preview:large, max-video-preview:-1\" \/>\n<link rel=\"canonical\" href=\"https:\/\/www.aslando-kids.de\/tr\/kunye\/\" \/>\n<meta property=\"og:locale\" content=\"tr_TR\" \/>\n<meta property=\"og:type\" content=\"article\" \/>\n<meta property=\"og:title\" content=\"K\u00fcnye - Aslando Kids\" \/>\n<meta property=\"og:description\" content=\"K\u00fcnye \u00a7 5 TMG \/ DSGVO Uyar\u0131nca Bilgiler World Aslando Federation \u2013 Deutscher Aslando Verband e.V.Turmstra\u00dfe 3-550733 K\u00f6lnDeutschland \u0130leti\u015fim Telefon: +49 (221) 922 401 90E-posta: info@aslando.com Y\u00f6netim Kurulu taraf\u0131ndan temsil edilmektedir \u2022 Mikail Cetiner (1. Ba\u015fkan, tek ba\u015f\u0131na temsil yetkili)\u2022 Melek Cetiner (2. Ba\u015fkan, tek ba\u015f\u0131na temsil yetkili) Dernek Sicil Kayd\u0131 Dernek siciline kay\u0131tl\u0131d\u0131r:Kay\u0131t Mahkemesi:...\" \/>\n<meta property=\"og:url\" content=\"https:\/\/www.aslando-kids.de\/tr\/kunye\/\" \/>\n<meta property=\"og:site_name\" content=\"Aslando Kids\" \/>\n<meta property=\"article:modified_time\" content=\"2026-04-01T21:51:32+00:00\" \/>\n<meta name=\"twitter:card\" content=\"summary_large_image\" \/>\n<meta name=\"twitter:label1\" content=\"Tahmini okuma s\u00fcresi\" \/>\n\t<meta name=\"twitter:data1\" content=\"1 dakika\" \/>\n<script type=\"application\/ld+json\" class=\"yoast-schema-graph\">{\"@context\":\"https:\\\/\\\/schema.org\",\"@graph\":[{\"@type\":\"WebPage\",\"@id\":\"https:\\\/\\\/www.aslando-kids.de\\\/tr\\\/kunye\\\/\",\"url\":\"https:\\\/\\\/www.aslando-kids.de\\\/tr\\\/kunye\\\/\",\"name\":\"K\u00fcnye - Aslando Kids\",\"isPartOf\":{\"@id\":\"https:\\\/\\\/www.aslando-kids.de\\\/tr\\\/#website\"},\"datePublished\":\"2026-03-29T23:24:07+00:00\",\"dateModified\":\"2026-04-01T21:51:32+00:00\",\"breadcrumb\":{\"@id\":\"https:\\\/\\\/www.aslando-kids.de\\\/tr\\\/kunye\\\/#breadcrumb\"},\"inLanguage\":\"tr\",\"potentialAction\":[{\"@type\":\"ReadAction\",\"target\":[\"https:\\\/\\\/www.aslando-kids.de\\\/tr\\\/kunye\\\/\"]}]},{\"@type\":\"BreadcrumbList\",\"@id\":\"https:\\\/\\\/www.aslando-kids.de\\\/tr\\\/kunye\\\/#breadcrumb\",\"itemListElement\":[{\"@type\":\"ListItem\",\"position\":1,\"name\":\"Anasayfa\",\"item\":\"https:\\\/\\\/www.aslando-kids.de\\\/tr\\\/\"},{\"@type\":\"ListItem\",\"position\":2,\"name\":\"K\u00fcnye\"}]},{\"@type\":\"WebSite\",\"@id\":\"https:\\\/\\\/www.aslando-kids.de\\\/tr\\\/#website\",\"url\":\"https:\\\/\\\/www.aslando-kids.de\\\/tr\\\/\",\"name\":\"Aslando Kids\",\"description\":\"\",\"publisher\":{\"@id\":\"https:\\\/\\\/www.aslando-kids.de\\\/tr\\\/#organization\"},\"potentialAction\":[{\"@type\":\"SearchAction\",\"target\":{\"@type\":\"EntryPoint\",\"urlTemplate\":\"https:\\\/\\\/www.aslando-kids.de\\\/tr\\\/?s={search_term_string}\"},\"query-input\":{\"@type\":\"PropertyValueSpecification\",\"valueRequired\":true,\"valueName\":\"search_term_string\"}}],\"inLanguage\":\"tr\"},{\"@type\":\"Organization\",\"@id\":\"https:\\\/\\\/www.aslando-kids.de\\\/tr\\\/#organization\",\"name\":\"Aslando Kids\",\"url\":\"https:\\\/\\\/www.aslando-kids.de\\\/tr\\\/\",\"logo\":{\"@type\":\"ImageObject\",\"inLanguage\":\"tr\",\"@id\":\"https:\\\/\\\/www.aslando-kids.de\\\/tr\\\/#\\\/schema\\\/logo\\\/image\\\/\",\"url\":\"https:\\\/\\\/www.aslando-kids.de\\\/tr\\\/wp-content\\\/uploads\\\/2026\\\/03\\\/ASLANDO-LOGO-5-1.png\",\"contentUrl\":\"https:\\\/\\\/www.aslando-kids.de\\\/tr\\\/wp-content\\\/uploads\\\/2026\\\/03\\\/ASLANDO-LOGO-5-1.png\",\"width\":450,\"height\":140,\"caption\":\"Aslando Kids\"},\"image\":{\"@id\":\"https:\\\/\\\/www.aslando-kids.de\\\/tr\\\/#\\\/schema\\\/logo\\\/image\\\/\"}}]}<\/script>\n<!-- \/ Yoast SEO plugin. -->","yoast_head_json":{"title":"K\u00fcnye - Aslando Kids","robots":{"index":"index","follow":"follow","max-snippet":"max-snippet:-1","max-image-preview":"max-image-preview:large","max-video-preview":"max-video-preview:-1"},"canonical":"https:\/\/www.aslando-kids.de\/tr\/kunye\/","og_locale":"tr_TR","og_type":"article","og_title":"K\u00fcnye - Aslando Kids","og_description":"K\u00fcnye \u00a7 5 TMG \/ DSGVO Uyar\u0131nca Bilgiler World Aslando Federation \u2013 Deutscher Aslando Verband e.V.Turmstra\u00dfe 3-550733 K\u00f6lnDeutschland \u0130leti\u015fim Telefon: +49 (221) 922 401 90E-posta: info@aslando.com Y\u00f6netim Kurulu taraf\u0131ndan temsil edilmektedir \u2022 Mikail Cetiner (1. Ba\u015fkan, tek ba\u015f\u0131na temsil yetkili)\u2022 Melek Cetiner (2. Ba\u015fkan, tek ba\u015f\u0131na temsil yetkili) Dernek Sicil Kayd\u0131 Dernek siciline kay\u0131tl\u0131d\u0131r:Kay\u0131t Mahkemesi:...","og_url":"https:\/\/www.aslando-kids.de\/tr\/kunye\/","og_site_name":"Aslando Kids","article_modified_time":"2026-04-01T21:51:32+00:00","twitter_card":"summary_large_image","twitter_misc":{"Tahmini okuma s\u00fcresi":"1 dakika"},"schema":{"@context":"https:\/\/schema.org","@graph":[{"@type":"WebPage","@id":"https:\/\/www.aslando-kids.de\/tr\/kunye\/","url":"https:\/\/www.aslando-kids.de\/tr\/kunye\/","name":"K\u00fcnye - Aslando Kids","isPartOf":{"@id":"https:\/\/www.aslando-kids.de\/tr\/#website"},"datePublished":"2026-03-29T23:24:07+00:00","dateModified":"2026-04-01T21:51:32+00:00","breadcrumb":{"@id":"https:\/\/www.aslando-kids.de\/tr\/kunye\/#breadcrumb"},"inLanguage":"tr","potentialAction":[{"@type":"ReadAction","target":["https:\/\/www.aslando-kids.de\/tr\/kunye\/"]}]},{"@type":"BreadcrumbList","@id":"https:\/\/www.aslando-kids.de\/tr\/kunye\/#breadcrumb","itemListElement":[{"@type":"ListItem","position":1,"name":"Anasayfa","item":"https:\/\/www.aslando-kids.de\/tr\/"},{"@type":"ListItem","position":2,"name":"K\u00fcnye"}]},{"@type":"WebSite","@id":"https:\/\/www.aslando-kids.de\/tr\/#website","url":"https:\/\/www.aslando-kids.de\/tr\/","name":"Aslando Kids","description":"","publisher":{"@id":"https:\/\/www.aslando-kids.de\/tr\/#organization"},"potentialAction":[{"@type":"SearchAction","target":{"@type":"EntryPoint","urlTemplate":"https:\/\/www.aslando-kids.de\/tr\/?s={search_term_string}"},"query-input":{"@type":"PropertyValueSpecification","valueRequired":true,"valueName":"search_term_string"}}],"inLanguage":"tr"},{"@type":"Organization","@id":"https:\/\/www.aslando-kids.de\/tr\/#organization","name":"Aslando Kids","url":"https:\/\/www.aslando-kids.de\/tr\/","logo":{"@type":"ImageObject","inLanguage":"tr","@id":"https:\/\/www.aslando-kids.de\/tr\/#\/schema\/logo\/image\/","url":"https:\/\/www.aslando-kids.de\/tr\/wp-content\/uploads\/2026\/03\/ASLANDO-LOGO-5-1.png","contentUrl":"https:\/\/www.aslando-kids.de\/tr\/wp-content\/uploads\/2026\/03\/ASLANDO-LOGO-5-1.png","width":450,"height":140,"caption":"Aslando Kids"},"image":{"@id":"https:\/\/www.aslando-kids.de\/tr\/#\/schema\/logo\/image\/"}}]}},"_links":{"self":[{"href":"https:\/\/www.aslando-kids.de\/tr\/wp-json\/wp\/v2\/pages\/1186","targetHints":{"allow":["GET"]}}],"collection":[{"href":"https:\/\/www.aslando-kids.de\/tr\/wp-json\/wp\/v2\/pages"}],"about":[{"href":"https:\/\/www.aslando-kids.de\/tr\/wp-json\/wp\/v2\/types\/page"}],"author":[{"embeddable":true,"href":"https:\/\/www.aslando-kids.de\/tr\/wp-json\/wp\/v2\/users\/1"}],"replies":[{"embeddable":true,"href":"https:\/\/www.aslando-kids.de\/tr\/wp-json\/wp\/v2\/comments?post=1186"}],"version-history":[{"count":3,"href":"https:\/\/www.aslando-kids.de\/tr\/wp-json\/wp\/v2\/pages\/1186\/revisions"}],"predecessor-version":[{"id":1356,"href":"https:\/\/www.aslando-kids.de\/tr\/wp-json\/wp\/v2\/pages\/1186\/revisions\/1356"}],"wp:attachment":[{"href":"https:\/\/www.aslando-kids.de\/tr\/wp-json\/wp\/v2\/media?parent=1186"}],"curies":[{"name":"wp","href":"https:\/\/api.w.org\/{rel}","templated":true}]}}