{"id":551,"date":"2026-03-28T00:16:41","date_gmt":"2026-03-27T21:16:41","guid":{"rendered":"http:\/\/localhost\/kids\/?page_id=551"},"modified":"2026-04-02T00:30:01","modified_gmt":"2026-04-01T21:30:01","slug":"aslando-nedir","status":"publish","type":"page","link":"https:\/\/www.aslando-kids.de\/tr\/aslando-nedir\/","title":{"rendered":"ASLANDO NED\u0130R?"},"content":{"rendered":"<style>.kb-row-layout-id551_c8f9cf-94 > .kt-row-column-wrap{align-content:center;}:where(.kb-row-layout-id551_c8f9cf-94 > .kt-row-column-wrap) > .wp-block-kadence-column{justify-content:center;}.kb-row-layout-id551_c8f9cf-94 > .kt-row-column-wrap{column-gap:var(--global-kb-gap-md, 2rem);row-gap:var(--global-kb-gap-md, 2rem);max-width:var( --global-content-width, 1400px );padding-left:var(--global-content-edge-padding);padding-right:var(--global-content-edge-padding);padding-top:50px;padding-bottom:83px;grid-template-columns:minmax(0, calc(55% - ((var(--global-kb-gap-md, 2rem) * 1 )\/2)))minmax(0, calc(45% - ((var(--global-kb-gap-md, 2rem) * 1 )\/2)));}.kb-row-layout-id551_c8f9cf-94 > .kt-row-layout-overlay{opacity:0.10;background-image:url('https:\/\/www.aslando-kids.de\/tr\/wp-content\/uploads\/2026\/03\/bg_new-1.jpg');background-size:cover;background-position:center center;background-attachment:fixed;background-repeat:no-repeat;}@media all and (max-width: 1024px), only screen and (min-device-width: 1024px) and (max-device-width: 1366px) and (-webkit-min-device-pixel-ratio: 2) and (hover: none){.kb-row-layout-id551_c8f9cf-94 > .kt-row-layout-overlay{background-attachment:scroll;}}@media all and (max-width: 1024px){.kb-row-layout-id551_c8f9cf-94 > .kt-row-column-wrap{grid-template-columns:minmax(0, 1fr);}}@media all and (max-width: 767px){.kb-row-layout-id551_c8f9cf-94 > .kt-row-column-wrap{padding-top:26px;grid-template-columns:minmax(0, 1fr);}}.kb-row-layout-id551_c8f9cf-94 .rounded-corners {border-radius: 70px;}<\/style><div class=\"kb-row-layout-wrap kb-row-layout-id551_c8f9cf-94 alignnone kt-row-has-bg wp-block-kadence-rowlayout\"><div class=\"kt-row-layout-overlay kt-row-overlay-normal kt-jarallax\"><\/div><div class=\"kt-row-column-wrap kt-has-2-columns kt-row-layout-equal kt-tab-layout-row kt-mobile-layout-row kt-row-valign-middle kb-theme-content-width\">\n<style data-aos-delay=\"250\" data-aos-duration=\"1050\" data-aos=\"fade-right\">.kadence-column551_b85692-08 > .kt-inside-inner-col,.kadence-column551_b85692-08 > .kt-inside-inner-col:before{border-top-left-radius:0px;border-top-right-radius:0px;border-bottom-right-radius:0px;border-bottom-left-radius:0px;}.kadence-column551_b85692-08 > .kt-inside-inner-col{column-gap:var(--global-kb-gap-sm, 1rem);}.kadence-column551_b85692-08 > .kt-inside-inner-col{flex-direction:column;}.kadence-column551_b85692-08 > .kt-inside-inner-col > .aligncenter{width:100%;}.kadence-column551_b85692-08 > .kt-inside-inner-col:before{opacity:0.3;}.kadence-column551_b85692-08{position:relative;}@media all and (max-width: 1024px){.kadence-column551_b85692-08 > .kt-inside-inner-col{flex-direction:column;justify-content:center;}}@media all and (max-width: 767px){.kadence-column551_b85692-08 > .kt-inside-inner-col{flex-direction:column;justify-content:center;}}<\/style>\n<div class=\"wp-block-kadence-column kadence-column551_b85692-08 inner-column-1\" data-aos=\"fade-right\" data-aos-delay=\"250\" data-aos-duration=\"1050\"><div class=\"kt-inside-inner-col\"><style>.wp-block-kadence-advancedheading.kt-adv-heading551_e1b1b0-f9, .wp-block-kadence-advancedheading.kt-adv-heading551_e1b1b0-f9[data-kb-block=\"kb-adv-heading551_e1b1b0-f9\"]{text-align:left;font-weight:400;font-style:normal;font-family:'Lilita One';}.wp-block-kadence-advancedheading.kt-adv-heading551_e1b1b0-f9 mark.kt-highlight, .wp-block-kadence-advancedheading.kt-adv-heading551_e1b1b0-f9[data-kb-block=\"kb-adv-heading551_e1b1b0-f9\"] mark.kt-highlight{font-style:normal;color:#f76a0c;-webkit-box-decoration-break:clone;box-decoration-break:clone;padding-top:0px;padding-right:0px;padding-bottom:0px;padding-left:0px;}.wp-block-kadence-advancedheading.kt-adv-heading551_e1b1b0-f9 img.kb-inline-image, .wp-block-kadence-advancedheading.kt-adv-heading551_e1b1b0-f9[data-kb-block=\"kb-adv-heading551_e1b1b0-f9\"] img.kb-inline-image{width:150px;vertical-align:baseline;}<\/style>\n<h2 class=\"kt-adv-heading551_e1b1b0-f9 wp-block-kadence-advancedheading has-theme-palette-4-color has-text-color\" data-kb-block=\"kb-adv-heading551_e1b1b0-f9\">Aslando Nedir?<\/h2>\n\n\n<style>.wp-block-kadence-advancedheading.kt-adv-heading551_f03dd0-ed, .wp-block-kadence-advancedheading.kt-adv-heading551_f03dd0-ed[data-kb-block=\"kb-adv-heading551_f03dd0-ed\"]{text-align:left;font-weight:300;font-style:normal;}.wp-block-kadence-advancedheading.kt-adv-heading551_f03dd0-ed mark.kt-highlight, .wp-block-kadence-advancedheading.kt-adv-heading551_f03dd0-ed[data-kb-block=\"kb-adv-heading551_f03dd0-ed\"] mark.kt-highlight{font-style:normal;color:#f76a0c;-webkit-box-decoration-break:clone;box-decoration-break:clone;padding-top:0px;padding-right:0px;padding-bottom:0px;padding-left:0px;}.wp-block-kadence-advancedheading.kt-adv-heading551_f03dd0-ed img.kb-inline-image, .wp-block-kadence-advancedheading.kt-adv-heading551_f03dd0-ed[data-kb-block=\"kb-adv-heading551_f03dd0-ed\"] img.kb-inline-image{width:150px;vertical-align:baseline;}<\/style>\n<p class=\"kt-adv-heading551_f03dd0-ed wp-block-kadence-advancedheading has-theme-palette-4-color has-text-color\" data-kb-block=\"kb-adv-heading551_f03dd0-ed\">Aslando, modern d\u00f6v\u00fc\u015f sanatlar\u0131n\u0131n e\u015fsiz bir bi\u00e7imidir.<br>Ancak sadece d\u00f6v\u00fc\u015fmek veya en g\u00fc\u00e7l\u00fc olmakla ilgili de\u011fildir.<br>Aslando, hayatta daha g\u00fc\u00e7l\u00fc, daha cesur ve daha \u00f6zg\u00fcvenli olman\u0131za yard\u0131mc\u0131 olur.<br>Aslando&#8217;nun \u00f6z\u00fcnde iki temel fikir vard\u0131r:<br><strong>\ud83d\udc49 Aslan\u0131n Do\u011fu\u015fu ve Aslan\u0131n Yolu.<br><\/strong><br>Aslan\u0131n do\u011fumu, yolculu\u011funuzun ba\u015flang\u0131c\u0131n\u0131 simgeler.<br>Bu, yeni bir \u015feye ba\u015flamaya karar verdi\u011finiz an.<br>Belki hala emin de\u011filsiniz veya tam olarak neler yapabilece\u011finizi bilmiyorsunuz ama her \u015fey tam olarak burada ba\u015fl\u0131yor.<br>\u0130\u00e7inizde zaten bir &#8220;aslan&#8221; var; sadece onu ke\u015ffetmeniz gerekiyor.<br><br>Aslan\u0131n yolu, sonras\u0131ndaki geli\u015fiminizdir.<br>Her antrenman seans\u0131yla daha g\u00fc\u00e7l\u00fc, daha \u00f6zg\u00fcvenli ve daha cesur olacaks\u0131n\u0131z.<br>Sakin kalmay\u0131, odaklanmay\u0131 ve kendinize inanmay\u0131 \u00f6\u011freneceksiniz.<br>Ad\u0131m ad\u0131m b\u00fcy\u00fcyeceksiniz bir gecede de\u011fil, her antrenman seans\u0131yla.<br><br>Aslando, amac\u0131 ba\u015fkalar\u0131n\u0131 yenmek olan bir d\u00f6v\u00fc\u015f sanat\u0131 de\u011fildir.<br>Hem beden hem de zihin i\u00e7in bir e\u011fitimdir.<br>Hareket, reaksiyon s\u00fcresi ve \u00f6z savunma \u00f6\u011frenirsiniz; ancak en az bunlar kadar \u00f6nemli olan i\u00e7sel g\u00fcc\u00fcn\u00fczd\u00fcr: cesaretiniz, \u00f6zg\u00fcveniniz ve g\u00fcnl\u00fck hayattaki dayan\u0131kl\u0131l\u0131\u011f\u0131n\u0131z.<br><br>Aslando&#8217;nun amac\u0131 basit:<br>Ger\u00e7ekte ne kadar g\u00fc\u00e7l\u00fc oldu\u011funuzu fark etmenize yard\u0131mc\u0131 olmak.<br>Ve bu g\u00fcc\u00fc etkili bir \u015fekilde sakin, kontroll\u00fc ve \u00f6zg\u00fcvenli bir \u015fekilde \u2013 kullanmay\u0131 \u00f6\u011frenmenize yard\u0131mc\u0131 olmak.<br><br>Sonu\u00e7ta mesele d\u00f6v\u00fc\u015f\u00e7\u00fc olmak de\u011fil.<br>Mesele aslan olmak.<\/p>\n<\/div><\/div>\n\n\n<style data-aos-delay=\"250\" data-aos-duration=\"1050\" data-aos=\"fade-left\">.kadence-column551_82e70f-cd > .kt-inside-inner-col,.kadence-column551_82e70f-cd > .kt-inside-inner-col:before{border-top-left-radius:70px;border-top-right-radius:70px;border-bottom-right-radius:70px;border-bottom-left-radius:70px;}.kadence-column551_82e70f-cd > .kt-inside-inner-col{column-gap:var(--global-kb-gap-sm, 1rem);}.kadence-column551_82e70f-cd > .kt-inside-inner-col{flex-direction:column;}.kadence-column551_82e70f-cd > .kt-inside-inner-col > .aligncenter{width:100%;}.kadence-column551_82e70f-cd > .kt-inside-inner-col{background-image:url('https:\/\/www.aslando-kids.de\/tr\/wp-content\/uploads\/2021\/09\/blob-3-e1633035196630.png');background-size:contain;background-position:center center;background-attachment:scroll;background-repeat:no-repeat;}.kadence-column551_82e70f-cd > .kt-inside-inner-col:before{opacity:0.3;}.kadence-column551_82e70f-cd{position:relative;}.kadence-column551_82e70f-cd, .kt-inside-inner-col > .kadence-column551_82e70f-cd:not(.specificity){margin-bottom:320px;}@media all and (max-width: 1024px){.kadence-column551_82e70f-cd > .kt-inside-inner-col{flex-direction:column;justify-content:center;}}@media all and (max-width: 767px){.kadence-column551_82e70f-cd > .kt-inside-inner-col{display:flex;padding-top:0px;padding-bottom:0px;flex-direction:column;justify-content:flex-start;}.kt-row-column-wrap > .kadence-column551_82e70f-cd{align-self:flex-start;}.kt-inner-column-height-full:not(.kt-has-1-columns) > .wp-block-kadence-column.kadence-column551_82e70f-cd{align-self:auto;}.kt-inner-column-height-full:not(.kt-has-1-columns) > .wp-block-kadence-column.kadence-column551_82e70f-cd > .kt-inside-inner-col{flex-direction:column;justify-content:flex-start;}}<\/style>\n<div class=\"wp-block-kadence-column kadence-column551_82e70f-cd inner-column-2\" data-aos=\"fade-left\" data-aos-delay=\"250\" data-aos-duration=\"1050\"><div class=\"kt-inside-inner-col\"><style>.kb-image551_46312d-40 .kb-image-has-overlay:after{opacity:0.3;}<\/style>\n<figure class=\"wp-block-kadence-image kb-image551_46312d-40 rounded-corners oyun-kart\"><img loading=\"lazy\" decoding=\"async\" width=\"1980\" height=\"2186\" src=\"https:\/\/www.aslando-kids.de\/tr\/wp-content\/uploads\/2026\/03\/ASLANDO-KIDS-3.png\" alt=\"\" class=\"kb-img wp-image-776\" srcset=\"https:\/\/www.aslando-kids.de\/tr\/wp-content\/uploads\/2026\/03\/ASLANDO-KIDS-3.png 1980w, https:\/\/www.aslando-kids.de\/tr\/wp-content\/uploads\/2026\/03\/ASLANDO-KIDS-3-272x300.png 272w, https:\/\/www.aslando-kids.de\/tr\/wp-content\/uploads\/2026\/03\/ASLANDO-KIDS-3-928x1024.png 928w, https:\/\/www.aslando-kids.de\/tr\/wp-content\/uploads\/2026\/03\/ASLANDO-KIDS-3-768x848.png 768w, https:\/\/www.aslando-kids.de\/tr\/wp-content\/uploads\/2026\/03\/ASLANDO-KIDS-3-1391x1536.png 1391w, https:\/\/www.aslando-kids.de\/tr\/wp-content\/uploads\/2026\/03\/ASLANDO-KIDS-3-1855x2048.png 1855w\" sizes=\"auto, (max-width: 1980px) 100vw, 1980px\" \/><\/figure>\n<\/div><\/div>\n\n<\/div><\/div>","protected":false},"excerpt":{"rendered":"<p>Aslando Nedir? Aslando, modern d\u00f6v\u00fc\u015f sanatlar\u0131n\u0131n e\u015fsiz bir bi\u00e7imidir.Ancak sadece d\u00f6v\u00fc\u015fmek veya en g\u00fc\u00e7l\u00fc olmakla ilgili de\u011fildir.Aslando, hayatta daha g\u00fc\u00e7l\u00fc, daha cesur ve daha \u00f6zg\u00fcvenli olman\u0131za yard\u0131mc\u0131 olur.Aslando&#8217;nun \u00f6z\u00fcnde iki temel fikir vard\u0131r:\ud83d\udc49 Aslan\u0131n Do\u011fu\u015fu ve Aslan\u0131n Yolu.Aslan\u0131n do\u011fumu, yolculu\u011funuzun ba\u015flang\u0131c\u0131n\u0131 simgeler.Bu, yeni bir \u015feye ba\u015flamaya karar verdi\u011finiz an.Belki hala emin de\u011filsiniz veya tam olarak&#8230;<\/p>\n","protected":false},"author":1,"featured_media":0,"parent":0,"menu_order":0,"comment_status":"closed","ping_status":"closed","template":"","meta":{"_kadence_starter_templates_imported_post":true,"_kad_post_transparent":"","_kad_post_title":"","_kad_post_layout":"","_kad_post_sidebar_id":"","_kad_post_content_style":"","_kad_post_vertical_padding":"","_kad_post_feature":"","_kad_post_feature_position":"","_kad_post_header":false,"_kad_post_footer":false,"_kad_post_classname":"","footnotes":""},"class_list":["post-551","page","type-page","status-publish","hentry"],"yoast_head":"<!-- This site is optimized with the Yoast SEO plugin v27.3 - https:\/\/yoast.com\/product\/yoast-seo-wordpress\/ -->\n<title>ASLANDO NED\u0130R? - Aslando Kids<\/title>\n<meta name=\"robots\" content=\"index, follow, max-snippet:-1, max-image-preview:large, max-video-preview:-1\" \/>\n<link rel=\"canonical\" href=\"https:\/\/www.aslando-kids.de\/tr\/aslando-nedir\/\" \/>\n<meta property=\"og:locale\" content=\"tr_TR\" \/>\n<meta property=\"og:type\" content=\"article\" \/>\n<meta property=\"og:title\" content=\"ASLANDO NED\u0130R? - Aslando Kids\" \/>\n<meta property=\"og:description\" content=\"Aslando Nedir? Aslando, modern d\u00f6v\u00fc\u015f sanatlar\u0131n\u0131n e\u015fsiz bir bi\u00e7imidir.Ancak sadece d\u00f6v\u00fc\u015fmek veya en g\u00fc\u00e7l\u00fc olmakla ilgili de\u011fildir.Aslando, hayatta daha g\u00fc\u00e7l\u00fc, daha cesur ve daha \u00f6zg\u00fcvenli olman\u0131za yard\u0131mc\u0131 olur.Aslando&#8217;nun \u00f6z\u00fcnde iki temel fikir vard\u0131r:\ud83d\udc49 Aslan\u0131n Do\u011fu\u015fu ve Aslan\u0131n Yolu.Aslan\u0131n do\u011fumu, yolculu\u011funuzun ba\u015flang\u0131c\u0131n\u0131 simgeler.Bu, yeni bir \u015feye ba\u015flamaya karar verdi\u011finiz an.Belki hala emin de\u011filsiniz veya tam olarak...\" \/>\n<meta property=\"og:url\" content=\"https:\/\/www.aslando-kids.de\/tr\/aslando-nedir\/\" \/>\n<meta property=\"og:site_name\" content=\"Aslando Kids\" \/>\n<meta property=\"article:modified_time\" content=\"2026-04-01T21:30:01+00:00\" \/>\n<meta property=\"og:image\" content=\"https:\/\/www.aslando-kids.de\/tr\/wp-content\/uploads\/2026\/03\/ASLANDO-KIDS-3.png\" \/>\n\t<meta property=\"og:image:width\" content=\"1980\" \/>\n\t<meta property=\"og:image:height\" content=\"2186\" \/>\n\t<meta property=\"og:image:type\" content=\"image\/png\" \/>\n<meta name=\"twitter:card\" content=\"summary_large_image\" \/>\n<meta name=\"twitter:label1\" content=\"Tahmini okuma s\u00fcresi\" \/>\n\t<meta name=\"twitter:data1\" content=\"1 dakika\" \/>\n<script type=\"application\/ld+json\" class=\"yoast-schema-graph\">{\"@context\":\"https:\\\/\\\/schema.org\",\"@graph\":[{\"@type\":\"WebPage\",\"@id\":\"https:\\\/\\\/www.aslando-kids.de\\\/tr\\\/aslando-nedir\\\/\",\"url\":\"https:\\\/\\\/www.aslando-kids.de\\\/tr\\\/aslando-nedir\\\/\",\"name\":\"ASLANDO NED\u0130R? - Aslando Kids\",\"isPartOf\":{\"@id\":\"https:\\\/\\\/www.aslando-kids.de\\\/tr\\\/#website\"},\"primaryImageOfPage\":{\"@id\":\"https:\\\/\\\/www.aslando-kids.de\\\/tr\\\/aslando-nedir\\\/#primaryimage\"},\"image\":{\"@id\":\"https:\\\/\\\/www.aslando-kids.de\\\/tr\\\/aslando-nedir\\\/#primaryimage\"},\"thumbnailUrl\":\"https:\\\/\\\/www.aslando-kids.de\\\/tr\\\/wp-content\\\/uploads\\\/2026\\\/03\\\/ASLANDO-KIDS-3.png\",\"datePublished\":\"2026-03-27T21:16:41+00:00\",\"dateModified\":\"2026-04-01T21:30:01+00:00\",\"breadcrumb\":{\"@id\":\"https:\\\/\\\/www.aslando-kids.de\\\/tr\\\/aslando-nedir\\\/#breadcrumb\"},\"inLanguage\":\"tr\",\"potentialAction\":[{\"@type\":\"ReadAction\",\"target\":[\"https:\\\/\\\/www.aslando-kids.de\\\/tr\\\/aslando-nedir\\\/\"]}]},{\"@type\":\"ImageObject\",\"inLanguage\":\"tr\",\"@id\":\"https:\\\/\\\/www.aslando-kids.de\\\/tr\\\/aslando-nedir\\\/#primaryimage\",\"url\":\"https:\\\/\\\/www.aslando-kids.de\\\/tr\\\/wp-content\\\/uploads\\\/2026\\\/03\\\/ASLANDO-KIDS-3.png\",\"contentUrl\":\"https:\\\/\\\/www.aslando-kids.de\\\/tr\\\/wp-content\\\/uploads\\\/2026\\\/03\\\/ASLANDO-KIDS-3.png\",\"width\":1980,\"height\":2186},{\"@type\":\"BreadcrumbList\",\"@id\":\"https:\\\/\\\/www.aslando-kids.de\\\/tr\\\/aslando-nedir\\\/#breadcrumb\",\"itemListElement\":[{\"@type\":\"ListItem\",\"position\":1,\"name\":\"Anasayfa\",\"item\":\"https:\\\/\\\/www.aslando-kids.de\\\/tr\\\/\"},{\"@type\":\"ListItem\",\"position\":2,\"name\":\"ASLANDO NED\u0130R?\"}]},{\"@type\":\"WebSite\",\"@id\":\"https:\\\/\\\/www.aslando-kids.de\\\/tr\\\/#website\",\"url\":\"https:\\\/\\\/www.aslando-kids.de\\\/tr\\\/\",\"name\":\"Aslando Kids\",\"description\":\"\",\"publisher\":{\"@id\":\"https:\\\/\\\/www.aslando-kids.de\\\/tr\\\/#organization\"},\"potentialAction\":[{\"@type\":\"SearchAction\",\"target\":{\"@type\":\"EntryPoint\",\"urlTemplate\":\"https:\\\/\\\/www.aslando-kids.de\\\/tr\\\/?s={search_term_string}\"},\"query-input\":{\"@type\":\"PropertyValueSpecification\",\"valueRequired\":true,\"valueName\":\"search_term_string\"}}],\"inLanguage\":\"tr\"},{\"@type\":\"Organization\",\"@id\":\"https:\\\/\\\/www.aslando-kids.de\\\/tr\\\/#organization\",\"name\":\"Aslando Kids\",\"url\":\"https:\\\/\\\/www.aslando-kids.de\\\/tr\\\/\",\"logo\":{\"@type\":\"ImageObject\",\"inLanguage\":\"tr\",\"@id\":\"https:\\\/\\\/www.aslando-kids.de\\\/tr\\\/#\\\/schema\\\/logo\\\/image\\\/\",\"url\":\"https:\\\/\\\/www.aslando-kids.de\\\/tr\\\/wp-content\\\/uploads\\\/2026\\\/03\\\/ASLANDO-LOGO-5-1.png\",\"contentUrl\":\"https:\\\/\\\/www.aslando-kids.de\\\/tr\\\/wp-content\\\/uploads\\\/2026\\\/03\\\/ASLANDO-LOGO-5-1.png\",\"width\":450,\"height\":140,\"caption\":\"Aslando Kids\"},\"image\":{\"@id\":\"https:\\\/\\\/www.aslando-kids.de\\\/tr\\\/#\\\/schema\\\/logo\\\/image\\\/\"}}]}<\/script>\n<!-- \/ Yoast SEO plugin. -->","yoast_head_json":{"title":"ASLANDO NED\u0130R? - Aslando Kids","robots":{"index":"index","follow":"follow","max-snippet":"max-snippet:-1","max-image-preview":"max-image-preview:large","max-video-preview":"max-video-preview:-1"},"canonical":"https:\/\/www.aslando-kids.de\/tr\/aslando-nedir\/","og_locale":"tr_TR","og_type":"article","og_title":"ASLANDO NED\u0130R? - Aslando Kids","og_description":"Aslando Nedir? Aslando, modern d\u00f6v\u00fc\u015f sanatlar\u0131n\u0131n e\u015fsiz bir bi\u00e7imidir.Ancak sadece d\u00f6v\u00fc\u015fmek veya en g\u00fc\u00e7l\u00fc olmakla ilgili de\u011fildir.Aslando, hayatta daha g\u00fc\u00e7l\u00fc, daha cesur ve daha \u00f6zg\u00fcvenli olman\u0131za yard\u0131mc\u0131 olur.Aslando&#8217;nun \u00f6z\u00fcnde iki temel fikir vard\u0131r:\ud83d\udc49 Aslan\u0131n Do\u011fu\u015fu ve Aslan\u0131n Yolu.Aslan\u0131n do\u011fumu, yolculu\u011funuzun ba\u015flang\u0131c\u0131n\u0131 simgeler.Bu, yeni bir \u015feye ba\u015flamaya karar verdi\u011finiz an.Belki hala emin de\u011filsiniz veya tam olarak...","og_url":"https:\/\/www.aslando-kids.de\/tr\/aslando-nedir\/","og_site_name":"Aslando Kids","article_modified_time":"2026-04-01T21:30:01+00:00","og_image":[{"width":1980,"height":2186,"url":"https:\/\/www.aslando-kids.de\/tr\/wp-content\/uploads\/2026\/03\/ASLANDO-KIDS-3.png","type":"image\/png"}],"twitter_card":"summary_large_image","twitter_misc":{"Tahmini okuma s\u00fcresi":"1 dakika"},"schema":{"@context":"https:\/\/schema.org","@graph":[{"@type":"WebPage","@id":"https:\/\/www.aslando-kids.de\/tr\/aslando-nedir\/","url":"https:\/\/www.aslando-kids.de\/tr\/aslando-nedir\/","name":"ASLANDO NED\u0130R? - Aslando Kids","isPartOf":{"@id":"https:\/\/www.aslando-kids.de\/tr\/#website"},"primaryImageOfPage":{"@id":"https:\/\/www.aslando-kids.de\/tr\/aslando-nedir\/#primaryimage"},"image":{"@id":"https:\/\/www.aslando-kids.de\/tr\/aslando-nedir\/#primaryimage"},"thumbnailUrl":"https:\/\/www.aslando-kids.de\/tr\/wp-content\/uploads\/2026\/03\/ASLANDO-KIDS-3.png","datePublished":"2026-03-27T21:16:41+00:00","dateModified":"2026-04-01T21:30:01+00:00","breadcrumb":{"@id":"https:\/\/www.aslando-kids.de\/tr\/aslando-nedir\/#breadcrumb"},"inLanguage":"tr","potentialAction":[{"@type":"ReadAction","target":["https:\/\/www.aslando-kids.de\/tr\/aslando-nedir\/"]}]},{"@type":"ImageObject","inLanguage":"tr","@id":"https:\/\/www.aslando-kids.de\/tr\/aslando-nedir\/#primaryimage","url":"https:\/\/www.aslando-kids.de\/tr\/wp-content\/uploads\/2026\/03\/ASLANDO-KIDS-3.png","contentUrl":"https:\/\/www.aslando-kids.de\/tr\/wp-content\/uploads\/2026\/03\/ASLANDO-KIDS-3.png","width":1980,"height":2186},{"@type":"BreadcrumbList","@id":"https:\/\/www.aslando-kids.de\/tr\/aslando-nedir\/#breadcrumb","itemListElement":[{"@type":"ListItem","position":1,"name":"Anasayfa","item":"https:\/\/www.aslando-kids.de\/tr\/"},{"@type":"ListItem","position":2,"name":"ASLANDO NED\u0130R?"}]},{"@type":"WebSite","@id":"https:\/\/www.aslando-kids.de\/tr\/#website","url":"https:\/\/www.aslando-kids.de\/tr\/","name":"Aslando Kids","description":"","publisher":{"@id":"https:\/\/www.aslando-kids.de\/tr\/#organization"},"potentialAction":[{"@type":"SearchAction","target":{"@type":"EntryPoint","urlTemplate":"https:\/\/www.aslando-kids.de\/tr\/?s={search_term_string}"},"query-input":{"@type":"PropertyValueSpecification","valueRequired":true,"valueName":"search_term_string"}}],"inLanguage":"tr"},{"@type":"Organization","@id":"https:\/\/www.aslando-kids.de\/tr\/#organization","name":"Aslando Kids","url":"https:\/\/www.aslando-kids.de\/tr\/","logo":{"@type":"ImageObject","inLanguage":"tr","@id":"https:\/\/www.aslando-kids.de\/tr\/#\/schema\/logo\/image\/","url":"https:\/\/www.aslando-kids.de\/tr\/wp-content\/uploads\/2026\/03\/ASLANDO-LOGO-5-1.png","contentUrl":"https:\/\/www.aslando-kids.de\/tr\/wp-content\/uploads\/2026\/03\/ASLANDO-LOGO-5-1.png","width":450,"height":140,"caption":"Aslando Kids"},"image":{"@id":"https:\/\/www.aslando-kids.de\/tr\/#\/schema\/logo\/image\/"}}]}},"_links":{"self":[{"href":"https:\/\/www.aslando-kids.de\/tr\/wp-json\/wp\/v2\/pages\/551","targetHints":{"allow":["GET"]}}],"collection":[{"href":"https:\/\/www.aslando-kids.de\/tr\/wp-json\/wp\/v2\/pages"}],"about":[{"href":"https:\/\/www.aslando-kids.de\/tr\/wp-json\/wp\/v2\/types\/page"}],"author":[{"embeddable":true,"href":"https:\/\/www.aslando-kids.de\/tr\/wp-json\/wp\/v2\/users\/1"}],"replies":[{"embeddable":true,"href":"https:\/\/www.aslando-kids.de\/tr\/wp-json\/wp\/v2\/comments?post=551"}],"version-history":[{"count":30,"href":"https:\/\/www.aslando-kids.de\/tr\/wp-json\/wp\/v2\/pages\/551\/revisions"}],"predecessor-version":[{"id":1345,"href":"https:\/\/www.aslando-kids.de\/tr\/wp-json\/wp\/v2\/pages\/551\/revisions\/1345"}],"wp:attachment":[{"href":"https:\/\/www.aslando-kids.de\/tr\/wp-json\/wp\/v2\/media?parent=551"}],"curies":[{"name":"wp","href":"https:\/\/api.w.org\/{rel}","templated":true}]}}