{"id":561,"date":"2026-03-28T00:22:37","date_gmt":"2026-03-27T21:22:37","guid":{"rendered":"http:\/\/localhost\/kids\/?page_id=561"},"modified":"2026-04-02T20:11:08","modified_gmt":"2026-04-02T17:11:08","slug":"aslandoyu-kim-kurdu","status":"publish","type":"page","link":"https:\/\/www.aslando-kids.de\/tr\/aslandoyu-kim-kurdu\/","title":{"rendered":"ASLANDO&#8217;YU K\u0130M KURDU?"},"content":{"rendered":"<style>.kb-row-layout-id561_ba93f8-d5 > .kt-row-column-wrap{align-content:center;}:where(.kb-row-layout-id561_ba93f8-d5 > .kt-row-column-wrap) > .wp-block-kadence-column{justify-content:center;}.kb-row-layout-id561_ba93f8-d5 > .kt-row-column-wrap{column-gap:var(--global-kb-gap-md, 2rem);row-gap:var(--global-kb-gap-md, 2rem);max-width:var( --global-content-width, 1400px );padding-left:var(--global-content-edge-padding);padding-right:var(--global-content-edge-padding);padding-top:34px;padding-bottom:105px;grid-template-columns:minmax(0, calc(60% - ((var(--global-kb-gap-md, 2rem) * 1 )\/2)))minmax(0, calc(40% - ((var(--global-kb-gap-md, 2rem) * 1 )\/2)));}.kb-row-layout-id561_ba93f8-d5 > .kt-row-layout-overlay{opacity:0.10;background-image:url('https:\/\/www.aslando-kids.de\/tr\/wp-content\/uploads\/2026\/03\/bg_new-1.jpg');background-size:cover;background-position:center center;background-attachment:fixed;background-repeat:no-repeat;}@media all and (max-width: 1024px), only screen and (min-device-width: 1024px) and (max-device-width: 1366px) and (-webkit-min-device-pixel-ratio: 2) and (hover: none){.kb-row-layout-id561_ba93f8-d5 > .kt-row-layout-overlay{background-attachment:scroll;}}@media all and (max-width: 1024px){.kb-row-layout-id561_ba93f8-d5 > .kt-row-column-wrap{grid-template-columns:minmax(0, 1fr);}}@media all and (max-width: 767px){.kb-row-layout-id561_ba93f8-d5 > .kt-row-column-wrap{grid-template-columns:minmax(0, 1fr);}}.kb-row-layout-id561_ba93f8-d5 .rounded-corners {border-radius: 70px;}<\/style><div class=\"kb-row-layout-wrap kb-row-layout-id561_ba93f8-d5 alignnone kt-row-has-bg wp-block-kadence-rowlayout\"><div class=\"kt-row-layout-overlay kt-row-overlay-normal kt-jarallax\"><\/div><div class=\"kt-row-column-wrap kt-has-2-columns kt-row-layout-equal kt-tab-layout-row kt-mobile-layout-row kt-row-valign-middle kb-theme-content-width\">\n<style data-aos-delay=\"250\" data-aos-duration=\"1050\" data-aos=\"fade-right\">.kadence-column561_0440c4-3c > .kt-inside-inner-col{display:flex;}.kadence-column561_0440c4-3c > .kt-inside-inner-col,.kadence-column561_0440c4-3c > .kt-inside-inner-col:before{border-top-left-radius:0px;border-top-right-radius:0px;border-bottom-right-radius:0px;border-bottom-left-radius:0px;}.kadence-column561_0440c4-3c > .kt-inside-inner-col{column-gap:var(--global-kb-gap-sm, 1rem);}.kadence-column561_0440c4-3c > .kt-inside-inner-col{flex-direction:column;justify-content:center;}.kadence-column561_0440c4-3c > .kt-inside-inner-col > .aligncenter{width:100%;}.kt-row-column-wrap > .kadence-column561_0440c4-3c{align-self:center;}.kt-inner-column-height-full:not(.kt-has-1-columns) > .wp-block-kadence-column.kadence-column561_0440c4-3c{align-self:auto;}.kt-inner-column-height-full:not(.kt-has-1-columns) > .wp-block-kadence-column.kadence-column561_0440c4-3c > .kt-inside-inner-col{flex-direction:column;justify-content:center;}.kadence-column561_0440c4-3c > .kt-inside-inner-col:before{opacity:0.3;}.kadence-column561_0440c4-3c{position:relative;}@media all and (max-width: 1024px){.kt-row-column-wrap > .kadence-column561_0440c4-3c{align-self:center;}}@media all and (max-width: 1024px){.kt-inner-column-height-full:not(.kt-has-1-columns) > .wp-block-kadence-column.kadence-column561_0440c4-3c{align-self:auto;}}@media all and (max-width: 1024px){.kt-inner-column-height-full:not(.kt-has-1-columns) > .wp-block-kadence-column.kadence-column561_0440c4-3c > .kt-inside-inner-col{flex-direction:column;justify-content:center;}}@media all and (max-width: 1024px){.kadence-column561_0440c4-3c > .kt-inside-inner-col{flex-direction:column;justify-content:center;}}@media all and (max-width: 767px){.kt-row-column-wrap > .kadence-column561_0440c4-3c{align-self:center;}.kt-inner-column-height-full:not(.kt-has-1-columns) > .wp-block-kadence-column.kadence-column561_0440c4-3c{align-self:auto;}.kt-inner-column-height-full:not(.kt-has-1-columns) > .wp-block-kadence-column.kadence-column561_0440c4-3c > .kt-inside-inner-col{flex-direction:column;justify-content:center;}.kadence-column561_0440c4-3c > .kt-inside-inner-col{flex-direction:column;justify-content:center;}}<\/style>\n<div class=\"wp-block-kadence-column kadence-column561_0440c4-3c inner-column-1\" data-aos=\"fade-right\" data-aos-delay=\"250\" data-aos-duration=\"1050\"><div class=\"kt-inside-inner-col\"><style>.wp-block-kadence-advancedheading.kt-adv-heading561_f6d96f-f7, .wp-block-kadence-advancedheading.kt-adv-heading561_f6d96f-f7[data-kb-block=\"kb-adv-heading561_f6d96f-f7\"]{text-align:left;font-weight:400;font-style:normal;font-family:'Lilita One';}.wp-block-kadence-advancedheading.kt-adv-heading561_f6d96f-f7 mark.kt-highlight, .wp-block-kadence-advancedheading.kt-adv-heading561_f6d96f-f7[data-kb-block=\"kb-adv-heading561_f6d96f-f7\"] mark.kt-highlight{font-style:normal;color:#f76a0c;-webkit-box-decoration-break:clone;box-decoration-break:clone;padding-top:0px;padding-right:0px;padding-bottom:0px;padding-left:0px;}.wp-block-kadence-advancedheading.kt-adv-heading561_f6d96f-f7 img.kb-inline-image, .wp-block-kadence-advancedheading.kt-adv-heading561_f6d96f-f7[data-kb-block=\"kb-adv-heading561_f6d96f-f7\"] img.kb-inline-image{width:150px;vertical-align:baseline;}<\/style>\n<h2 class=\"kt-adv-heading561_f6d96f-f7 wp-block-kadence-advancedheading has-theme-palette-4-color has-text-color\" data-kb-block=\"kb-adv-heading561_f6d96f-f7\"><strong>Aslando&#8217;yu Kim Kurdu?<\/strong><\/h2>\n\n\n<style>.wp-block-kadence-advancedheading.kt-adv-heading561_67334b-ca, .wp-block-kadence-advancedheading.kt-adv-heading561_67334b-ca[data-kb-block=\"kb-adv-heading561_67334b-ca\"]{text-align:left;font-weight:300;font-style:normal;}.wp-block-kadence-advancedheading.kt-adv-heading561_67334b-ca mark.kt-highlight, .wp-block-kadence-advancedheading.kt-adv-heading561_67334b-ca[data-kb-block=\"kb-adv-heading561_67334b-ca\"] mark.kt-highlight{font-style:normal;color:#f76a0c;-webkit-box-decoration-break:clone;box-decoration-break:clone;padding-top:0px;padding-right:0px;padding-bottom:0px;padding-left:0px;}.wp-block-kadence-advancedheading.kt-adv-heading561_67334b-ca img.kb-inline-image, .wp-block-kadence-advancedheading.kt-adv-heading561_67334b-ca[data-kb-block=\"kb-adv-heading561_67334b-ca\"] img.kb-inline-image{width:150px;vertical-align:baseline;}<\/style>\n<p class=\"kt-adv-heading561_67334b-ca wp-block-kadence-advancedheading has-theme-palette-4-color has-text-color\" data-kb-block=\"kb-adv-heading561_67334b-ca\">Aslando, <strong>B\u00fcy\u00fck Usta Mikail Ali \u00c7etiner <\/strong>taraf\u0131ndan kuruldu.<br><br>T\u00fcm hayat\u0131n\u0131 d\u00f6v\u00fc\u015f sanatlar\u0131na adad\u0131. Gen\u00e7li\u011finden beri y\u0131llarca antrenman yapt\u0131, \u00f6\u011frendi ve kendini s\u00fcrekli geli\u015ftirdi \u2013 sadece fiziksel olarak de\u011fil, her \u015feyden \u00f6nce i\u00e7sel olarak da.<br><br>Bunu yaparken \u00e7ok \u00f6nemli bir \u015feyi fark etti:<br>Ger\u00e7ek g\u00fc\u00e7, en g\u00fcr\u00fclt\u00fcl\u00fc veya en g\u00fc\u00e7l\u00fc olmakla ilgili de\u011fildir.<br>Ger\u00e7ek g\u00fc\u00e7, i\u015fler zorla\u015ft\u0131\u011f\u0131nda bile sakin kalmak, net d\u00fc\u015f\u00fcnmek ve \u00f6z kontrol\u00fc korumakla ilgilidir.<br><br>Bu fark\u0131ndal\u0131ktan yola \u00e7\u0131karak kendi d\u00f6v\u00fc\u015f sanat\u0131n\u0131 geli\u015ftirdi: Aslando.<br>Aslando sadece bir d\u00f6v\u00fc\u015f sanat\u0131 de\u011fil. Beden ve zihni birle\u015ftiren bir yol. \u0130nsanlar\u0131n i\u00e7sel g\u00fc\u00e7lerini ke\u015ffetmelerine, daha \u00f6zg\u00fcvenli olmalar\u0131na ve hayatta daha g\u00fcvenli bir \u015fekilde ilerlemelerine yard\u0131mc\u0131 olan bir sistem.<br><br>B\u00fcy\u00fck Usta Mikail Ali \u00c7etiner&#8217;e g\u00f6re, her insan kendi yolculu\u011fundad\u0131r. Belirsizlik genellikle ilk gelir, ancak her ad\u0131mda cesaret, g\u00fcven ve i\u00e7sel g\u00fc\u00e7 b\u00fcy\u00fcr.<\/p>\n\n\n\n<p class=\"has-theme-palette-15-color has-text-color has-link-color wp-elements-367e1de1baa0719f2c650d27fc170c66\"><strong>\u0130\u015fte Aslando&#8217;nun varolu\u015f sebebi tam olarak bu:<\/strong><br><strong><mark style=\"background-color:rgba(0, 0, 0, 0)\" class=\"has-inline-color has-theme-palette-3-color\">Herkesin kendi i\u00e7indeki aslan\u0131 ke\u015ffetmesi i\u00e7in.<\/mark><\/strong><\/p>\n\n\n\n<p class=\"has-theme-palette-15-color has-text-color has-link-color wp-elements-27aeae93ad5375a246406b88efe9534e\"><strong>.<\/strong><br><br><\/p>\n<\/div><\/div>\n\n\n<style data-aos-delay=\"250\" data-aos-duration=\"1050\" data-aos=\"fade-left\">.kadence-column561_8b013e-a2 > .kt-inside-inner-col{display:flex;}.kadence-column561_8b013e-a2 > .kt-inside-inner-col,.kadence-column561_8b013e-a2 > .kt-inside-inner-col:before{border-top-left-radius:70px;border-top-right-radius:70px;border-bottom-right-radius:70px;border-bottom-left-radius:70px;}.kadence-column561_8b013e-a2 > .kt-inside-inner-col{column-gap:var(--global-kb-gap-sm, 1rem);}.kadence-column561_8b013e-a2 > .kt-inside-inner-col{flex-direction:column;justify-content:flex-start;}.kadence-column561_8b013e-a2 > .kt-inside-inner-col > .aligncenter{width:100%;}.kt-row-column-wrap > .kadence-column561_8b013e-a2{align-self:flex-start;}.kt-inner-column-height-full:not(.kt-has-1-columns) > .wp-block-kadence-column.kadence-column561_8b013e-a2{align-self:auto;}.kt-inner-column-height-full:not(.kt-has-1-columns) > .wp-block-kadence-column.kadence-column561_8b013e-a2 > .kt-inside-inner-col{flex-direction:column;justify-content:flex-start;}.kadence-column561_8b013e-a2 > .kt-inside-inner-col{background-image:url('https:\/\/www.aslando-kids.de\/tr\/wp-content\/uploads\/2021\/09\/blob-3-e1633035196630.png');background-size:contain;background-position:center center;background-attachment:scroll;background-repeat:no-repeat;}.kadence-column561_8b013e-a2 > .kt-inside-inner-col:before{opacity:0.3;}.kadence-column561_8b013e-a2{position:relative;}@media all and (max-width: 1024px){.kt-row-column-wrap > .kadence-column561_8b013e-a2{align-self:flex-start;}}@media all and (max-width: 1024px){.kt-inner-column-height-full:not(.kt-has-1-columns) > .wp-block-kadence-column.kadence-column561_8b013e-a2{align-self:auto;}}@media all and (max-width: 1024px){.kt-inner-column-height-full:not(.kt-has-1-columns) > .wp-block-kadence-column.kadence-column561_8b013e-a2 > .kt-inside-inner-col{flex-direction:column;justify-content:flex-start;}}@media all and (max-width: 1024px){.kadence-column561_8b013e-a2 > .kt-inside-inner-col{flex-direction:column;justify-content:flex-start;}}@media all and (max-width: 767px){.kt-row-column-wrap > .kadence-column561_8b013e-a2{align-self:flex-start;}.kt-inner-column-height-full:not(.kt-has-1-columns) > .wp-block-kadence-column.kadence-column561_8b013e-a2{align-self:auto;}.kt-inner-column-height-full:not(.kt-has-1-columns) > .wp-block-kadence-column.kadence-column561_8b013e-a2 > .kt-inside-inner-col{flex-direction:column;justify-content:flex-start;}.kadence-column561_8b013e-a2 > .kt-inside-inner-col{flex-direction:column;justify-content:flex-start;}}<\/style>\n<div class=\"wp-block-kadence-column kadence-column561_8b013e-a2 inner-column-2\" data-aos=\"fade-left\" data-aos-delay=\"250\" data-aos-duration=\"1050\"><div class=\"kt-inside-inner-col\"><style>.wp-block-kadence-image.kb-image561_f922ae-9b:not(.kb-specificity-added):not(.kb-extra-specificity-added){margin-top:var(--global-kb-spacing-md, 2rem);}.kb-image561_f922ae-9b:not(.kb-image-is-ratio-size) .kb-img, .kb-image561_f922ae-9b.kb-image-is-ratio-size{padding-top:0px;}.kb-image561_f922ae-9b .kb-image-has-overlay:after{opacity:0.3;border-top-left-radius:20px;border-top-right-radius:20px;border-bottom-right-radius:20px;border-bottom-left-radius:20px;}.kb-image561_f922ae-9b img.kb-img, .kb-image561_f922ae-9b .kb-img img{border-top-left-radius:20px;border-top-right-radius:20px;border-bottom-right-radius:20px;border-bottom-left-radius:20px;}<\/style>\n<figure class=\"wp-block-kadence-image kb-image561_f922ae-9b size-full rounded-corners oyun-kart\"><img loading=\"lazy\" decoding=\"async\" width=\"1080\" height=\"1350\" src=\"https:\/\/www.aslando-kids.de\/tr\/wp-content\/uploads\/2026\/03\/aslando_mikail_cetiner.jpeg\" alt=\"\" class=\"kb-img wp-image-829\" srcset=\"https:\/\/www.aslando-kids.de\/tr\/wp-content\/uploads\/2026\/03\/aslando_mikail_cetiner.jpeg 1080w, https:\/\/www.aslando-kids.de\/tr\/wp-content\/uploads\/2026\/03\/aslando_mikail_cetiner-240x300.jpeg 240w, https:\/\/www.aslando-kids.de\/tr\/wp-content\/uploads\/2026\/03\/aslando_mikail_cetiner-819x1024.jpeg 819w, https:\/\/www.aslando-kids.de\/tr\/wp-content\/uploads\/2026\/03\/aslando_mikail_cetiner-768x960.jpeg 768w\" sizes=\"auto, (max-width: 1080px) 100vw, 1080px\" \/><\/figure>\n\n\n<style>.wp-block-kadence-advancedbtn.kt-btns561_35863e-61, .site .entry-content .wp-block-kadence-advancedbtn.kt-btns561_35863e-61, .wp-block-kadence-advancedbtn.kb-btns561_35863e-61, .site .entry-content .wp-block-kadence-advancedbtn.kb-btns561_35863e-61{margin-bottom:0px;}.wp-block-kadence-advancedbtn.kb-btns561_35863e-61{padding-top:0px;padding-bottom:0px;gap:var(--global-kb-gap-xs, 0.5rem );justify-content:center;align-items:flex-start;}.kt-btns561_35863e-61 .kt-button{font-weight:normal;font-style:normal;}.kt-btns561_35863e-61 .kt-btn-wrap-0{margin-right:5px;}.wp-block-kadence-advancedbtn.kt-btns561_35863e-61 .kt-btn-wrap-0 .kt-button{color:#555555;border-color:#555555;}.wp-block-kadence-advancedbtn.kt-btns561_35863e-61 .kt-btn-wrap-0 .kt-button:hover, .wp-block-kadence-advancedbtn.kt-btns561_35863e-61 .kt-btn-wrap-0 .kt-button:focus{color:#ffffff;border-color:#444444;}.wp-block-kadence-advancedbtn.kt-btns561_35863e-61 .kt-btn-wrap-0 .kt-button::before{display:none;}.wp-block-kadence-advancedbtn.kt-btns561_35863e-61 .kt-btn-wrap-0 .kt-button:hover, .wp-block-kadence-advancedbtn.kt-btns561_35863e-61 .kt-btn-wrap-0 .kt-button:focus{background:#444444;}<\/style>\n<div class=\"wp-block-kadence-advancedbtn kb-buttons-wrap kb-btns561_35863e-61\"><style>ul.menu .wp-block-kadence-advancedbtn .kb-btn561_3f2b74-d8.kb-button{width:initial;}<\/style><a class=\"kb-button kt-button button kb-btn561_3f2b74-d8 kt-btn-size-standard kt-btn-width-type-auto kb-btn-global-inherit button-style-secondary kt-btn-has-text-true kt-btn-has-svg-false  wp-block-button__link wp-block-kadence-singlebtn\" href=\"https:\/\/mikailcetiner.com\/de\/\" target=\"_blank\" rel=\"noreferrer noopener\"><span class=\"kt-btn-inner-text\">www.mikailcetiner.com<\/span><\/a><\/div>\n<\/div><\/div>\n\n<\/div><\/div>","protected":false},"excerpt":{"rendered":"<p>Aslando&#8217;yu Kim Kurdu? Aslando, B\u00fcy\u00fck Usta Mikail Ali \u00c7etiner taraf\u0131ndan kuruldu. T\u00fcm hayat\u0131n\u0131 d\u00f6v\u00fc\u015f sanatlar\u0131na adad\u0131. Gen\u00e7li\u011finden beri y\u0131llarca antrenman yapt\u0131, \u00f6\u011frendi ve kendini s\u00fcrekli geli\u015ftirdi \u2013 sadece fiziksel olarak de\u011fil, her \u015feyden \u00f6nce i\u00e7sel olarak da. Bunu yaparken \u00e7ok \u00f6nemli bir \u015feyi fark etti:Ger\u00e7ek g\u00fc\u00e7, en g\u00fcr\u00fclt\u00fcl\u00fc veya en g\u00fc\u00e7l\u00fc olmakla ilgili de\u011fildir.Ger\u00e7ek g\u00fc\u00e7,&#8230;<\/p>\n","protected":false},"author":1,"featured_media":0,"parent":0,"menu_order":0,"comment_status":"closed","ping_status":"closed","template":"","meta":{"_kadence_starter_templates_imported_post":true,"_kad_post_transparent":"","_kad_post_title":"","_kad_post_layout":"","_kad_post_sidebar_id":"","_kad_post_content_style":"","_kad_post_vertical_padding":"","_kad_post_feature":"","_kad_post_feature_position":"","_kad_post_header":false,"_kad_post_footer":false,"_kad_post_classname":"","footnotes":""},"class_list":["post-561","page","type-page","status-publish","hentry"],"yoast_head":"<!-- This site is optimized with the Yoast SEO plugin v27.3 - https:\/\/yoast.com\/product\/yoast-seo-wordpress\/ -->\n<title>ASLANDO&#039;YU K\u0130M KURDU? - Aslando Kids<\/title>\n<meta name=\"robots\" content=\"index, follow, max-snippet:-1, max-image-preview:large, max-video-preview:-1\" \/>\n<link rel=\"canonical\" href=\"https:\/\/www.aslando-kids.de\/tr\/aslandoyu-kim-kurdu\/\" \/>\n<meta property=\"og:locale\" content=\"tr_TR\" \/>\n<meta property=\"og:type\" content=\"article\" \/>\n<meta property=\"og:title\" content=\"ASLANDO&#039;YU K\u0130M KURDU? - Aslando Kids\" \/>\n<meta property=\"og:description\" content=\"Aslando&#8217;yu Kim Kurdu? Aslando, B\u00fcy\u00fck Usta Mikail Ali \u00c7etiner taraf\u0131ndan kuruldu. T\u00fcm hayat\u0131n\u0131 d\u00f6v\u00fc\u015f sanatlar\u0131na adad\u0131. Gen\u00e7li\u011finden beri y\u0131llarca antrenman yapt\u0131, \u00f6\u011frendi ve kendini s\u00fcrekli geli\u015ftirdi \u2013 sadece fiziksel olarak de\u011fil, her \u015feyden \u00f6nce i\u00e7sel olarak da. Bunu yaparken \u00e7ok \u00f6nemli bir \u015feyi fark etti:Ger\u00e7ek g\u00fc\u00e7, en g\u00fcr\u00fclt\u00fcl\u00fc veya en g\u00fc\u00e7l\u00fc olmakla ilgili de\u011fildir.Ger\u00e7ek g\u00fc\u00e7,...\" \/>\n<meta property=\"og:url\" content=\"https:\/\/www.aslando-kids.de\/tr\/aslandoyu-kim-kurdu\/\" \/>\n<meta property=\"og:site_name\" content=\"Aslando Kids\" \/>\n<meta property=\"article:modified_time\" content=\"2026-04-02T17:11:08+00:00\" \/>\n<meta property=\"og:image\" content=\"https:\/\/www.aslando-kids.de\/tr\/wp-content\/uploads\/2026\/03\/aslando_mikail_cetiner.jpeg\" \/>\n\t<meta property=\"og:image:width\" content=\"1080\" \/>\n\t<meta property=\"og:image:height\" content=\"1350\" \/>\n\t<meta property=\"og:image:type\" content=\"image\/jpeg\" \/>\n<meta name=\"twitter:card\" content=\"summary_large_image\" \/>\n<meta name=\"twitter:label1\" content=\"Tahmini okuma s\u00fcresi\" \/>\n\t<meta name=\"twitter:data1\" content=\"1 dakika\" \/>\n<script type=\"application\/ld+json\" class=\"yoast-schema-graph\">{\"@context\":\"https:\\\/\\\/schema.org\",\"@graph\":[{\"@type\":\"WebPage\",\"@id\":\"https:\\\/\\\/www.aslando-kids.de\\\/tr\\\/aslandoyu-kim-kurdu\\\/\",\"url\":\"https:\\\/\\\/www.aslando-kids.de\\\/tr\\\/aslandoyu-kim-kurdu\\\/\",\"name\":\"ASLANDO'YU K\u0130M KURDU? - Aslando Kids\",\"isPartOf\":{\"@id\":\"https:\\\/\\\/www.aslando-kids.de\\\/tr\\\/#website\"},\"primaryImageOfPage\":{\"@id\":\"https:\\\/\\\/www.aslando-kids.de\\\/tr\\\/aslandoyu-kim-kurdu\\\/#primaryimage\"},\"image\":{\"@id\":\"https:\\\/\\\/www.aslando-kids.de\\\/tr\\\/aslandoyu-kim-kurdu\\\/#primaryimage\"},\"thumbnailUrl\":\"https:\\\/\\\/www.aslando-kids.de\\\/tr\\\/wp-content\\\/uploads\\\/2026\\\/03\\\/aslando_mikail_cetiner.jpeg\",\"datePublished\":\"2026-03-27T21:22:37+00:00\",\"dateModified\":\"2026-04-02T17:11:08+00:00\",\"breadcrumb\":{\"@id\":\"https:\\\/\\\/www.aslando-kids.de\\\/tr\\\/aslandoyu-kim-kurdu\\\/#breadcrumb\"},\"inLanguage\":\"tr\",\"potentialAction\":[{\"@type\":\"ReadAction\",\"target\":[\"https:\\\/\\\/www.aslando-kids.de\\\/tr\\\/aslandoyu-kim-kurdu\\\/\"]}]},{\"@type\":\"ImageObject\",\"inLanguage\":\"tr\",\"@id\":\"https:\\\/\\\/www.aslando-kids.de\\\/tr\\\/aslandoyu-kim-kurdu\\\/#primaryimage\",\"url\":\"https:\\\/\\\/www.aslando-kids.de\\\/tr\\\/wp-content\\\/uploads\\\/2026\\\/03\\\/aslando_mikail_cetiner.jpeg\",\"contentUrl\":\"https:\\\/\\\/www.aslando-kids.de\\\/tr\\\/wp-content\\\/uploads\\\/2026\\\/03\\\/aslando_mikail_cetiner.jpeg\",\"width\":1080,\"height\":1350},{\"@type\":\"BreadcrumbList\",\"@id\":\"https:\\\/\\\/www.aslando-kids.de\\\/tr\\\/aslandoyu-kim-kurdu\\\/#breadcrumb\",\"itemListElement\":[{\"@type\":\"ListItem\",\"position\":1,\"name\":\"Anasayfa\",\"item\":\"https:\\\/\\\/www.aslando-kids.de\\\/tr\\\/\"},{\"@type\":\"ListItem\",\"position\":2,\"name\":\"ASLANDO&#8217;YU K\u0130M KURDU?\"}]},{\"@type\":\"WebSite\",\"@id\":\"https:\\\/\\\/www.aslando-kids.de\\\/tr\\\/#website\",\"url\":\"https:\\\/\\\/www.aslando-kids.de\\\/tr\\\/\",\"name\":\"Aslando Kids\",\"description\":\"\",\"publisher\":{\"@id\":\"https:\\\/\\\/www.aslando-kids.de\\\/tr\\\/#organization\"},\"potentialAction\":[{\"@type\":\"SearchAction\",\"target\":{\"@type\":\"EntryPoint\",\"urlTemplate\":\"https:\\\/\\\/www.aslando-kids.de\\\/tr\\\/?s={search_term_string}\"},\"query-input\":{\"@type\":\"PropertyValueSpecification\",\"valueRequired\":true,\"valueName\":\"search_term_string\"}}],\"inLanguage\":\"tr\"},{\"@type\":\"Organization\",\"@id\":\"https:\\\/\\\/www.aslando-kids.de\\\/tr\\\/#organization\",\"name\":\"Aslando Kids\",\"url\":\"https:\\\/\\\/www.aslando-kids.de\\\/tr\\\/\",\"logo\":{\"@type\":\"ImageObject\",\"inLanguage\":\"tr\",\"@id\":\"https:\\\/\\\/www.aslando-kids.de\\\/tr\\\/#\\\/schema\\\/logo\\\/image\\\/\",\"url\":\"https:\\\/\\\/www.aslando-kids.de\\\/tr\\\/wp-content\\\/uploads\\\/2026\\\/03\\\/ASLANDO-LOGO-5-1.png\",\"contentUrl\":\"https:\\\/\\\/www.aslando-kids.de\\\/tr\\\/wp-content\\\/uploads\\\/2026\\\/03\\\/ASLANDO-LOGO-5-1.png\",\"width\":450,\"height\":140,\"caption\":\"Aslando Kids\"},\"image\":{\"@id\":\"https:\\\/\\\/www.aslando-kids.de\\\/tr\\\/#\\\/schema\\\/logo\\\/image\\\/\"}}]}<\/script>\n<!-- \/ Yoast SEO plugin. -->","yoast_head_json":{"title":"ASLANDO'YU K\u0130M KURDU? - Aslando Kids","robots":{"index":"index","follow":"follow","max-snippet":"max-snippet:-1","max-image-preview":"max-image-preview:large","max-video-preview":"max-video-preview:-1"},"canonical":"https:\/\/www.aslando-kids.de\/tr\/aslandoyu-kim-kurdu\/","og_locale":"tr_TR","og_type":"article","og_title":"ASLANDO'YU K\u0130M KURDU? - Aslando Kids","og_description":"Aslando&#8217;yu Kim Kurdu? Aslando, B\u00fcy\u00fck Usta Mikail Ali \u00c7etiner taraf\u0131ndan kuruldu. T\u00fcm hayat\u0131n\u0131 d\u00f6v\u00fc\u015f sanatlar\u0131na adad\u0131. Gen\u00e7li\u011finden beri y\u0131llarca antrenman yapt\u0131, \u00f6\u011frendi ve kendini s\u00fcrekli geli\u015ftirdi \u2013 sadece fiziksel olarak de\u011fil, her \u015feyden \u00f6nce i\u00e7sel olarak da. Bunu yaparken \u00e7ok \u00f6nemli bir \u015feyi fark etti:Ger\u00e7ek g\u00fc\u00e7, en g\u00fcr\u00fclt\u00fcl\u00fc veya en g\u00fc\u00e7l\u00fc olmakla ilgili de\u011fildir.Ger\u00e7ek g\u00fc\u00e7,...","og_url":"https:\/\/www.aslando-kids.de\/tr\/aslandoyu-kim-kurdu\/","og_site_name":"Aslando Kids","article_modified_time":"2026-04-02T17:11:08+00:00","og_image":[{"width":1080,"height":1350,"url":"https:\/\/www.aslando-kids.de\/tr\/wp-content\/uploads\/2026\/03\/aslando_mikail_cetiner.jpeg","type":"image\/jpeg"}],"twitter_card":"summary_large_image","twitter_misc":{"Tahmini okuma s\u00fcresi":"1 dakika"},"schema":{"@context":"https:\/\/schema.org","@graph":[{"@type":"WebPage","@id":"https:\/\/www.aslando-kids.de\/tr\/aslandoyu-kim-kurdu\/","url":"https:\/\/www.aslando-kids.de\/tr\/aslandoyu-kim-kurdu\/","name":"ASLANDO'YU K\u0130M KURDU? - Aslando Kids","isPartOf":{"@id":"https:\/\/www.aslando-kids.de\/tr\/#website"},"primaryImageOfPage":{"@id":"https:\/\/www.aslando-kids.de\/tr\/aslandoyu-kim-kurdu\/#primaryimage"},"image":{"@id":"https:\/\/www.aslando-kids.de\/tr\/aslandoyu-kim-kurdu\/#primaryimage"},"thumbnailUrl":"https:\/\/www.aslando-kids.de\/tr\/wp-content\/uploads\/2026\/03\/aslando_mikail_cetiner.jpeg","datePublished":"2026-03-27T21:22:37+00:00","dateModified":"2026-04-02T17:11:08+00:00","breadcrumb":{"@id":"https:\/\/www.aslando-kids.de\/tr\/aslandoyu-kim-kurdu\/#breadcrumb"},"inLanguage":"tr","potentialAction":[{"@type":"ReadAction","target":["https:\/\/www.aslando-kids.de\/tr\/aslandoyu-kim-kurdu\/"]}]},{"@type":"ImageObject","inLanguage":"tr","@id":"https:\/\/www.aslando-kids.de\/tr\/aslandoyu-kim-kurdu\/#primaryimage","url":"https:\/\/www.aslando-kids.de\/tr\/wp-content\/uploads\/2026\/03\/aslando_mikail_cetiner.jpeg","contentUrl":"https:\/\/www.aslando-kids.de\/tr\/wp-content\/uploads\/2026\/03\/aslando_mikail_cetiner.jpeg","width":1080,"height":1350},{"@type":"BreadcrumbList","@id":"https:\/\/www.aslando-kids.de\/tr\/aslandoyu-kim-kurdu\/#breadcrumb","itemListElement":[{"@type":"ListItem","position":1,"name":"Anasayfa","item":"https:\/\/www.aslando-kids.de\/tr\/"},{"@type":"ListItem","position":2,"name":"ASLANDO&#8217;YU K\u0130M KURDU?"}]},{"@type":"WebSite","@id":"https:\/\/www.aslando-kids.de\/tr\/#website","url":"https:\/\/www.aslando-kids.de\/tr\/","name":"Aslando Kids","description":"","publisher":{"@id":"https:\/\/www.aslando-kids.de\/tr\/#organization"},"potentialAction":[{"@type":"SearchAction","target":{"@type":"EntryPoint","urlTemplate":"https:\/\/www.aslando-kids.de\/tr\/?s={search_term_string}"},"query-input":{"@type":"PropertyValueSpecification","valueRequired":true,"valueName":"search_term_string"}}],"inLanguage":"tr"},{"@type":"Organization","@id":"https:\/\/www.aslando-kids.de\/tr\/#organization","name":"Aslando Kids","url":"https:\/\/www.aslando-kids.de\/tr\/","logo":{"@type":"ImageObject","inLanguage":"tr","@id":"https:\/\/www.aslando-kids.de\/tr\/#\/schema\/logo\/image\/","url":"https:\/\/www.aslando-kids.de\/tr\/wp-content\/uploads\/2026\/03\/ASLANDO-LOGO-5-1.png","contentUrl":"https:\/\/www.aslando-kids.de\/tr\/wp-content\/uploads\/2026\/03\/ASLANDO-LOGO-5-1.png","width":450,"height":140,"caption":"Aslando Kids"},"image":{"@id":"https:\/\/www.aslando-kids.de\/tr\/#\/schema\/logo\/image\/"}}]}},"_links":{"self":[{"href":"https:\/\/www.aslando-kids.de\/tr\/wp-json\/wp\/v2\/pages\/561","targetHints":{"allow":["GET"]}}],"collection":[{"href":"https:\/\/www.aslando-kids.de\/tr\/wp-json\/wp\/v2\/pages"}],"about":[{"href":"https:\/\/www.aslando-kids.de\/tr\/wp-json\/wp\/v2\/types\/page"}],"author":[{"embeddable":true,"href":"https:\/\/www.aslando-kids.de\/tr\/wp-json\/wp\/v2\/users\/1"}],"replies":[{"embeddable":true,"href":"https:\/\/www.aslando-kids.de\/tr\/wp-json\/wp\/v2\/comments?post=561"}],"version-history":[{"count":32,"href":"https:\/\/www.aslando-kids.de\/tr\/wp-json\/wp\/v2\/pages\/561\/revisions"}],"predecessor-version":[{"id":1389,"href":"https:\/\/www.aslando-kids.de\/tr\/wp-json\/wp\/v2\/pages\/561\/revisions\/1389"}],"wp:attachment":[{"href":"https:\/\/www.aslando-kids.de\/tr\/wp-json\/wp\/v2\/media?parent=561"}],"curies":[{"name":"wp","href":"https:\/\/api.w.org\/{rel}","templated":true}]}}